{"id":3,"date":"2024-10-14T12:41:23","date_gmt":"2024-10-14T12:41:23","guid":{"rendered":"http:\/\/localhost\/webenterpreneur\/?page_id=3"},"modified":"2024-12-11T12:25:26","modified_gmt":"2024-12-11T12:25:26","slug":"privacy-policy","status":"publish","type":"page","link":"https:\/\/webentrepreneur.com\/stage\/privacy-policy\/","title":{"rendered":"Privacy Policy"},"content":{"rendered":"\t\t<div data-elementor-type=\"wp-page\" data-elementor-id=\"3\" class=\"elementor elementor-3\" data-elementor-post-type=\"page\">\n\t\t\t\t<div class=\"elementor-element elementor-element-7da2c445 e-flex e-con-boxed e-con e-parent\" data-id=\"7da2c445\" data-element_type=\"container\">\n\t\t\t\t\t<div class=\"e-con-inner\">\n\t\t\t\t<div class=\"elementor-element elementor-element-4e6749da elementor-widget elementor-widget-text-editor\" data-id=\"4e6749da\" data-element_type=\"widget\" data-widget_type=\"text-editor.default\">\n\t\t\t\t<div class=\"elementor-widget-container\">\n\t\t\t\t\t\t\t<h3><b>Politique de confidentialit\u00e9 de WebEntrepreneur<\/b><\/h3>\n<br>\n<p><span style=\"font-weight: 400;\">Chez WebEntrepreneur, la confidentialit\u00e9 de vos informations personnelles est une priorit\u00e9. Cette politique de confidentialit\u00e9 d\u00e9crit comment nous traitons les informations des utilisateurs de notre site web (webentrepreneur.com).<\/span><\/p>\n<h3><b>1. Collecte de donn\u00e9es<\/b><\/h3>\n<p><span style=\"font-weight: 400;\">Nous ne collectons aucune donn\u00e9e personnelle sur notre site. Aucune information vous concernant n&rsquo;est recueillie lors de votre navigation, sauf si vous la fournissez directement par le biais de nos formulaires de contact.<\/span><\/p>\n<h3><b>2. Utilisation des donn\u00e9es<\/b><\/h3>\n<p><span style=\"font-weight: 400;\">Puisque nous ne collectons aucune donn\u00e9e personnelle, il n&rsquo;y a pas de traitement ni d&rsquo;utilisation de vos informations.<\/span><\/p>\n<h3><b>3. Partage des donn\u00e9es<\/b><\/h3>\n<p><span style=\"font-weight: 400;\">Nous ne partageons aucune donn\u00e9e personnelle avec des tiers. Nous ne divulguons aucune information \u00e0 des partenaires, prestataires ou autres entit\u00e9s.<\/span><\/p>\n<h3><b>4. Stockage des donn\u00e9es<\/b><\/h3>\n<p><span style=\"font-weight: 400;\">\u00c9tant donn\u00e9 que nous ne collectons aucune donn\u00e9e personnelle, aucune donn\u00e9e n&rsquo;est stock\u00e9e.<\/span><\/p>\n<h3><b>5. Droits des utilisateurs<\/b><\/h3>\n<p><span style=\"font-weight: 400;\">Bien que nous ne collections aucune donn\u00e9e personnelle, si vous nous fournissez des informations via un formulaire de contact, vous avez le droit de :<\/span><\/p>\n<ul>\n<li style=\"font-weight: 400;\" aria-level=\"1\"><span style=\"font-weight: 400;\">Acc\u00e9der \u00e0 vos donn\u00e9es,<\/span><\/li>\n<li style=\"font-weight: 400;\" aria-level=\"1\"><span style=\"font-weight: 400;\">Rectifier ou mettre \u00e0 jour les informations,<\/span><\/li>\n<li style=\"font-weight: 400;\" aria-level=\"1\"><span style=\"font-weight: 400;\">Demander la suppression de vos informations, si applicable.<\/span><\/li>\n<\/ul>\n<h3><b>6. Cookies<\/b><\/h3>\n<p><span style=\"font-weight: 400;\">Nous n\u2019utilisons pas de cookies pour collecter des informations personnelles. Si des cookies sont utilis\u00e9s, ils sont strictement n\u00e9cessaires \u00e0 la navigation sur notre site, et aucune donn\u00e9e personnelle n&rsquo;est collect\u00e9e \u00e0 travers ceux-ci.<\/span><\/p>\n<h3><b>7. S\u00e9curit\u00e9 des donn\u00e9es<\/b><\/h3>\n<p><span style=\"font-weight: 400;\">Bien que nous ne collectons aucune donn\u00e9e personnelle, nous prenons toutes les mesures n\u00e9cessaires pour assurer la s\u00e9curit\u00e9 de votre navigation sur notre site et de toute information que vous pourriez nous envoyer.<\/span><\/p>\n<h3><b>8. Mineurs<\/b><\/h3>\n<p><span style=\"font-weight: 400;\">Notre site ne s&rsquo;adresse pas aux enfants de moins de 16 ans. Nous ne collectons d\u00e9lib\u00e9r\u00e9ment aucune donn\u00e9e personnelle provenant de mineurs. Si nous d\u00e9couvrons qu&rsquo;un mineur a fourni des informations, nous les supprimerons imm\u00e9diatement.<\/span><\/p>\n<h3><b>9. Modifications de la politique<\/b><\/h3>\n<p><span style=\"font-weight: 400;\">Nous nous r\u00e9servons le droit de modifier cette politique de confidentialit\u00e9 \u00e0 tout moment. Toute mise \u00e0 jour sera publi\u00e9e sur cette page, et les utilisateurs seront inform\u00e9s des changements importants.<\/span><\/p>\n<h3><b>10. Contact<\/b><\/h3>\n<p><span style=\"font-weight: 400;\">Pour toute question concernant cette politique de confidentialit\u00e9, veuillez nous contacter \u00e0 l&rsquo;adresse suivante : info@webentrepreneur.com.<\/span><\/p>\t\t\t\t\t\t<\/div>\n\t\t\t\t<\/div>\n\t\t\t\t\t<\/div>\n\t\t\t\t<\/div>\n\t\t\t\t<\/div>\n\t\t","protected":false},"excerpt":{"rendered":"<p>Politique de confidentialit\u00e9 de WebEntrepreneur Chez WebEntrepreneur, la confidentialit\u00e9 de vos informations personnelles est une priorit\u00e9. Cette politique de confidentialit\u00e9 d\u00e9crit comment nous traitons les informations des utilisateurs de notre site web (webentrepreneur.com). 1. Collecte de donn\u00e9es Nous ne collectons aucune donn\u00e9e personnelle sur notre site. Aucune information vous concernant n&rsquo;est recueillie lors de votre &hellip; <\/p>\n<p class=\"link-more\"><a href=\"https:\/\/webentrepreneur.com\/stage\/privacy-policy\/\" class=\"more-link\">Continuer la lecture<span class=\"screen-reader-text\"> de &laquo;&nbsp;Privacy Policy&nbsp;&raquo;<\/span><\/a><\/p>\n","protected":false},"author":1,"featured_media":0,"parent":0,"menu_order":0,"comment_status":"closed","ping_status":"open","template":"elementor_canvas","meta":{"_acf_changed":false,"footnotes":""},"class_list":["post-3","page","type-page","status-publish","hentry"],"acf":[],"_links":{"self":[{"href":"https:\/\/webentrepreneur.com\/stage\/wp-json\/wp\/v2\/pages\/3","targetHints":{"allow":["GET"]}}],"collection":[{"href":"https:\/\/webentrepreneur.com\/stage\/wp-json\/wp\/v2\/pages"}],"about":[{"href":"https:\/\/webentrepreneur.com\/stage\/wp-json\/wp\/v2\/types\/page"}],"author":[{"embeddable":true,"href":"https:\/\/webentrepreneur.com\/stage\/wp-json\/wp\/v2\/users\/1"}],"replies":[{"embeddable":true,"href":"https:\/\/webentrepreneur.com\/stage\/wp-json\/wp\/v2\/comments?post=3"}],"version-history":[{"count":28,"href":"https:\/\/webentrepreneur.com\/stage\/wp-json\/wp\/v2\/pages\/3\/revisions"}],"predecessor-version":[{"id":2938,"href":"https:\/\/webentrepreneur.com\/stage\/wp-json\/wp\/v2\/pages\/3\/revisions\/2938"}],"wp:attachment":[{"href":"https:\/\/webentrepreneur.com\/stage\/wp-json\/wp\/v2\/media?parent=3"}],"curies":[{"name":"wp","href":"https:\/\/api.w.org\/{rel}","templated":true}]}}