{"id":480,"date":"2024-10-17T12:11:18","date_gmt":"2024-10-17T12:11:18","guid":{"rendered":"http:\/\/localhost\/webenterpreneur\/?page_id=480"},"modified":"2024-12-04T13:41:24","modified_gmt":"2024-12-04T13:41:24","slug":"newsletter","status":"publish","type":"page","link":"https:\/\/webentrepreneur.com\/stage\/newsletter\/","title":{"rendered":"Newsletter"},"content":{"rendered":"\t\t<div data-elementor-type=\"wp-page\" data-elementor-id=\"480\" class=\"elementor elementor-480\" data-elementor-post-type=\"page\">\n\t\t\t\t<section class=\"elementor-element elementor-element-6813cde e-flex e-con-boxed e-con e-parent\" data-id=\"6813cde\" data-element_type=\"container\" data-settings=\"{&quot;background_background&quot;:&quot;gradient&quot;}\">\n\t\t\t\t\t<div class=\"e-con-inner\">\n\t\t<div class=\"elementor-element elementor-element-fc633e3 e-con-full e-flex e-con e-child\" data-id=\"fc633e3\" data-element_type=\"container\">\n\t\t\t\t<div class=\"elementor-element elementor-element-8ae51ab elementor-widget__width-initial elementor-widget elementor-widget-heading\" data-id=\"8ae51ab\" data-element_type=\"widget\" data-widget_type=\"heading.default\">\n\t\t\t\t<div class=\"elementor-widget-container\">\n\t\t\t<h4 class=\"elementor-heading-title elementor-size-default\"> D\u00e9marrez et optimisez votre projet web : recevez nos meilleurs conseils directement dans votre bo\u00eete courriel<\/h4>\t\t<\/div>\n\t\t\t\t<\/div>\n\t\t\t\t<div class=\"elementor-element elementor-element-5800530 elementor-widget elementor-widget-text-editor\" data-id=\"5800530\" data-element_type=\"widget\" data-widget_type=\"text-editor.default\">\n\t\t\t\t<div class=\"elementor-widget-container\">\n\t\t\t\t\t\t\t<p><span style=\"font-weight: 400;\">Rejoignez d\u00e8s aujourd\u2019hui notre communaut\u00e9 d\u2019entrepreneurs web<\/span><\/p>\t\t\t\t\t\t<\/div>\n\t\t\t\t<\/div>\n\t\t\t\t<div class=\"elementor-element elementor-element-ed63c41 stage_form elementor-widget elementor-widget-shortcode\" data-id=\"ed63c41\" data-element_type=\"widget\" data-widget_type=\"shortcode.default\">\n\t\t\t\t<div class=\"elementor-widget-container\">\n\t\t\t\t\t<div class=\"elementor-shortcode\"><script>(function() {\n\twindow.mc4wp = window.mc4wp || {\n\t\tlisteners: [],\n\t\tforms: {\n\t\t\ton: function(evt, cb) {\n\t\t\t\twindow.mc4wp.listeners.push(\n\t\t\t\t\t{\n\t\t\t\t\t\tevent   : evt,\n\t\t\t\t\t\tcallback: cb\n\t\t\t\t\t}\n\t\t\t\t);\n\t\t\t}\n\t\t}\n\t}\n})();\n<\/script><!-- Mailchimp for WordPress v4.9.19 - https:\/\/wordpress.org\/plugins\/mailchimp-for-wp\/ --><form id=\"mc4wp-form-1\" class=\"mc4wp-form mc4wp-form-2285\" method=\"post\" data-id=\"2285\" data-name=\"subscribe\" ><div class=\"mc4wp-form-fields\"><div class=\"banner_signup\">\r\n\t\t<div class=\"subscribeInput\"><input type=\"email\" id=\"email\" name=\"EMAIL\" placeholder=\"Adresse courriel\" required><\/div>\r\n  <div class=\"submitBtn\"><input type=\"submit\" value=\"Je m\u2019abonne\"><\/div>\r\n<\/div><\/div><label style=\"display: none !important;\">Laissez ce champ vide si vous \u00eates humain\u00a0: <input type=\"text\" name=\"_mc4wp_honeypot\" value=\"\" tabindex=\"-1\" autocomplete=\"off\" \/><\/label><input type=\"hidden\" name=\"_mc4wp_timestamp\" value=\"1776271068\" \/><input type=\"hidden\" name=\"_mc4wp_form_id\" value=\"2285\" \/><input type=\"hidden\" name=\"_mc4wp_form_element_id\" value=\"mc4wp-form-1\" \/><div class=\"mc4wp-response\"><\/div><\/form><!-- \/ Mailchimp for WordPress Plugin --><\/div>\n\t\t\t\t<\/div>\n\t\t\t\t<\/div>\n\t\t\t\t<div class=\"elementor-element elementor-element-281dc7a elementor-widget__width-inherit banner-form elementor-hidden-desktop elementor-hidden-tablet elementor-hidden-mobile eael-contact-form-7-button-align-left eael-contact-form-7-button-custom elementor-widget elementor-widget-eael-contact-form-7\" data-id=\"281dc7a\" data-element_type=\"widget\" data-widget_type=\"eael-contact-form-7.default\">\n\t\t\t\t<div class=\"elementor-widget-container\">\n\t\t\t<div class=\"eael-contact-form-7-wrapper\">\n                <div class=\"eael-contact-form eael-contact-form-7 eael-contact-form-281dc7a placeholder-show eael-contact-form-align-center\">\n<div class=\"wpcf7 no-js\" id=\"wpcf7-f362-o1\" lang=\"en-US\" dir=\"ltr\">\n<div class=\"screen-reader-response\"><p role=\"status\" aria-live=\"polite\" aria-atomic=\"true\"><\/p> <ul><\/ul><\/div>\n<form action=\"\/stage\/wp-json\/wp\/v2\/pages\/480#wpcf7-f362-o1\" method=\"post\" class=\"wpcf7-form init\" aria-label=\"Contact form\" novalidate=\"novalidate\" data-status=\"init\">\n<div style=\"display: none;\">\n<input type=\"hidden\" name=\"_wpcf7\" value=\"362\" \/>\n<input type=\"hidden\" name=\"_wpcf7_version\" value=\"5.9.8\" \/>\n<input type=\"hidden\" name=\"_wpcf7_locale\" value=\"en_US\" \/>\n<input type=\"hidden\" name=\"_wpcf7_unit_tag\" value=\"wpcf7-f362-o1\" \/>\n<input type=\"hidden\" name=\"_wpcf7_container_post\" value=\"0\" \/>\n<input type=\"hidden\" name=\"_wpcf7_posted_data_hash\" value=\"\" \/>\n<\/div>\n<div class=\"banner-signup\">\n\t<p><span class=\"wpcf7-form-control-wrap\" data-name=\"your-email\"><input size=\"40\" maxlength=\"400\" class=\"wpcf7-form-control wpcf7-email wpcf7-validates-as-required wpcf7-text wpcf7-validates-as-email\" autocomplete=\"email\" aria-required=\"true\" aria-invalid=\"false\" placeholder=\"adresse email\" value=\"\" type=\"email\" name=\"your-email\" \/><\/span>\n\t<\/p>\n\t<p><input class=\"wpcf7-form-control wpcf7-submit has-spinner\" type=\"submit\" value=\"Je m\u2019abonne\" \/>\n\t<\/p>\n<\/div><div class=\"wpcf7-response-output\" aria-hidden=\"true\"><\/div>\n<\/form>\n<\/div>\n<\/div>\n            <\/div>\t\t<\/div>\n\t\t\t\t<\/div>\n\t\t\t\t<\/div>\n\t\t<div class=\"elementor-element elementor-element-baa3de5 e-con-full e-flex e-con e-child\" data-id=\"baa3de5\" data-element_type=\"container\">\n\t\t\t\t<div class=\"elementor-element elementor-element-00bea44 elementor-widget elementor-widget-image\" data-id=\"00bea44\" data-element_type=\"widget\" data-widget_type=\"image.default\">\n\t\t\t\t<div class=\"elementor-widget-container\">\n\t\t\t\t\t\t\t\t\t\t\t\t\t<img fetchpriority=\"high\" decoding=\"async\" width=\"580\" height=\"581\" src=\"https:\/\/webentrepreneur.com\/stage\/wp-content\/uploads\/2024\/12\/Screenshot-2024-12-04-184110.png\" class=\"attachment-2048x2048 size-2048x2048 wp-image-2537\" alt=\"\" srcset=\"https:\/\/webentrepreneur.com\/stage\/wp-content\/uploads\/2024\/12\/Screenshot-2024-12-04-184110.png 580w, https:\/\/webentrepreneur.com\/stage\/wp-content\/uploads\/2024\/12\/Screenshot-2024-12-04-184110-300x300.png 300w, https:\/\/webentrepreneur.com\/stage\/wp-content\/uploads\/2024\/12\/Screenshot-2024-12-04-184110-150x150.png 150w\" sizes=\"100vw\" \/>\t\t\t\t\t\t\t\t\t\t\t\t\t<\/div>\n\t\t\t\t<\/div>\n\t\t\t\t<\/div>\n\t\t\t\t\t<\/div>\n\t\t\t\t<\/section>\n\t\t<div class=\"elementor-element elementor-element-8daedec e-flex e-con-boxed e-con e-parent\" data-id=\"8daedec\" data-element_type=\"container\">\n\t\t\t\t\t<div class=\"e-con-inner\">\n\t\t<div class=\"elementor-element elementor-element-97af982 e-con-full e-flex e-con e-child\" data-id=\"97af982\" data-element_type=\"container\">\n\t\t\t\t<div class=\"elementor-element elementor-element-3971914 pad-b-0 eael-dual-header-content-align-left elementor-widget elementor-widget-eael-dual-color-header\" data-id=\"3971914\" data-element_type=\"widget\" data-widget_type=\"eael-dual-color-header.default\">\n\t\t\t\t<div class=\"elementor-widget-container\">\n\t\t\t\n\t\t\n\t\t\n\t\t\n\t\t\t\t<div class=\"eael-dual-header\">\n\t\t<span class=\"subtext\"><p>D\u00e9couvrez les outils, strat\u00e9gies et tendances essentiels pour r\u00e9ussir dans l'univers comp\u00e9titif du web. Que vous soyez en train de lancer votre premier projet ou que vous cherchiez \u00e0 optimiser une entreprise en ligne existante, notre infolettre est con\u00e7ue pour vous fournir des conseils pratiques, des \u00e9tudes de cas inspirantes et des ressources exclusives.<\/p><p>En vous inscrivant, vous acc\u00e9derez \u00e0 :<\/p><ul><li style=\"font-weight: 400\">Des guides pour d\u00e9velopper votre trafic et maximiser vos revenus.<\/li><li style=\"font-weight: 400\">Les derni\u00e8res tendances en marketing num\u00e9rique et SEO.<\/li><li style=\"font-weight: 400\">Des astuces concr\u00e8tes pour transformer vos id\u00e9es en projets rentables.<\/li><\/ul><p>Rejoignez d\u00e8s aujourd\u2019hui notre communaut\u00e9 d\u2019entrepreneurs web passionn\u00e9s<\/p><\/span>\n\t\t\t\t<h2 class=\"title\"><span style=\"\" class=\"lead \"><\/span> <span><\/span><\/h2>\n\t\t\t\t\t\t\t<span class=\"eael-dch-svg-icon\"><\/span>\t\t\t\t<\/div>\n\t\n\t\t\t\t<\/div>\n\t\t\t\t<\/div>\n\t\t\t\t<div class=\"elementor-element elementor-element-f1376cb elementor-widget__width-initial pad-b-0 elementor-hidden-desktop elementor-hidden-tablet elementor-hidden-mobile elementor-widget elementor-widget-text-editor\" data-id=\"f1376cb\" data-element_type=\"widget\" data-widget_type=\"text-editor.default\">\n\t\t\t\t<div class=\"elementor-widget-container\">\n\t\t\t\t\t\t\t<p>Maecenas nec odio et ante tincidunt tempus. Donec vitae sapien ut libero venenatis faucibus.<\/p>\t\t\t\t\t\t<\/div>\n\t\t\t\t<\/div>\n\t\t\t\t<\/div>\n\t\t\t\t\t<\/div>\n\t\t\t\t<\/div>\n\t\t<div class=\"elementor-element elementor-element-5536320 e-flex e-con-boxed e-con e-parent\" data-id=\"5536320\" data-element_type=\"container\" data-settings=\"{&quot;background_background&quot;:&quot;classic&quot;}\">\n\t\t\t\t\t<div class=\"e-con-inner\">\n\t\t<div class=\"elementor-element elementor-element-1e35f70 e-con-full e-flex e-con e-child\" data-id=\"1e35f70\" data-element_type=\"container\">\n\t\t\t\t<div class=\"elementor-element elementor-element-2045673 stage_form elementor-widget elementor-widget-shortcode\" data-id=\"2045673\" data-element_type=\"widget\" data-widget_type=\"shortcode.default\">\n\t\t\t\t<div class=\"elementor-widget-container\">\n\t\t\t\t\t<div class=\"elementor-shortcode\"><script>(function() {\n\twindow.mc4wp = window.mc4wp || {\n\t\tlisteners: [],\n\t\tforms: {\n\t\t\ton: function(evt, cb) {\n\t\t\t\twindow.mc4wp.listeners.push(\n\t\t\t\t\t{\n\t\t\t\t\t\tevent   : evt,\n\t\t\t\t\t\tcallback: cb\n\t\t\t\t\t}\n\t\t\t\t);\n\t\t\t}\n\t\t}\n\t}\n})();\n<\/script><!-- Mailchimp for WordPress v4.9.19 - https:\/\/wordpress.org\/plugins\/mailchimp-for-wp\/ --><form id=\"mc4wp-form-2\" class=\"mc4wp-form mc4wp-form-2285\" method=\"post\" data-id=\"2285\" data-name=\"subscribe\" ><div class=\"mc4wp-form-fields\"><div class=\"banner_signup\">\r\n\t\t<div class=\"subscribeInput\"><input type=\"email\" id=\"email\" name=\"EMAIL\" placeholder=\"Adresse courriel\" required><\/div>\r\n  <div class=\"submitBtn\"><input type=\"submit\" value=\"Je m\u2019abonne\"><\/div>\r\n<\/div><\/div><label style=\"display: none !important;\">Laissez ce champ vide si vous \u00eates humain\u00a0: <input type=\"text\" name=\"_mc4wp_honeypot\" value=\"\" tabindex=\"-1\" autocomplete=\"off\" \/><\/label><input type=\"hidden\" name=\"_mc4wp_timestamp\" value=\"1776271068\" \/><input type=\"hidden\" name=\"_mc4wp_form_id\" value=\"2285\" \/><input type=\"hidden\" name=\"_mc4wp_form_element_id\" value=\"mc4wp-form-2\" \/><div class=\"mc4wp-response\"><\/div><\/form><!-- \/ Mailchimp for WordPress Plugin --><\/div>\n\t\t\t\t<\/div>\n\t\t\t\t<\/div>\n\t\t\t\t<\/div>\n\t\t\t\t\t<\/div>\n\t\t\t\t<\/div>\n\t\t<div class=\"elementor-element elementor-element-eca33f9 elementor-hidden-desktop elementor-hidden-tablet elementor-hidden-mobile e-flex e-con-boxed e-con e-parent\" data-id=\"eca33f9\" data-element_type=\"container\">\n\t\t\t\t\t<div class=\"e-con-inner\">\n\t\t\t\t<div class=\"elementor-element elementor-element-6df03f3 elementor-widget elementor-widget-image-carousel\" data-id=\"6df03f3\" data-element_type=\"widget\" data-settings=\"{&quot;slides_to_show&quot;:&quot;4&quot;,&quot;slides_to_scroll&quot;:&quot;1&quot;,&quot;navigation&quot;:&quot;none&quot;,&quot;autoplay_speed&quot;:1500,&quot;autoplay&quot;:&quot;yes&quot;,&quot;infinite&quot;:&quot;yes&quot;,&quot;speed&quot;:500,&quot;image_spacing_custom&quot;:{&quot;unit&quot;:&quot;px&quot;,&quot;size&quot;:20,&quot;sizes&quot;:[]},&quot;image_spacing_custom_tablet&quot;:{&quot;unit&quot;:&quot;px&quot;,&quot;size&quot;:&quot;&quot;,&quot;sizes&quot;:[]},&quot;image_spacing_custom_mobile&quot;:{&quot;unit&quot;:&quot;px&quot;,&quot;size&quot;:&quot;&quot;,&quot;sizes&quot;:[]}}\" data-widget_type=\"image-carousel.default\">\n\t\t\t\t<div class=\"elementor-widget-container\">\n\t\t\t\t\t<div class=\"elementor-image-carousel-wrapper swiper\" dir=\"ltr\">\n\t\t\t<div class=\"elementor-image-carousel swiper-wrapper\" aria-live=\"off\">\n\t\t\t\t\t\t\t\t<div class=\"swiper-slide\" role=\"group\" aria-roledescription=\"slide\" aria-label=\"1 sur 4\"><figure class=\"swiper-slide-inner\"><img decoding=\"async\" class=\"swiper-slide-image\" src=\"https:\/\/webentrepreneur.com\/stage\/wp-content\/uploads\/2024\/10\/about-logo-1-1.png\" alt=\"\" \/><\/figure><\/div><div class=\"swiper-slide\" role=\"group\" aria-roledescription=\"slide\" aria-label=\"2 sur 4\"><figure class=\"swiper-slide-inner\"><img decoding=\"async\" class=\"swiper-slide-image\" src=\"https:\/\/webentrepreneur.com\/stage\/wp-content\/uploads\/2024\/10\/about-logo-4.png\" alt=\"\" \/><\/figure><\/div><div class=\"swiper-slide\" role=\"group\" aria-roledescription=\"slide\" aria-label=\"3 sur 4\"><figure class=\"swiper-slide-inner\"><img decoding=\"async\" class=\"swiper-slide-image\" src=\"https:\/\/webentrepreneur.com\/stage\/wp-content\/uploads\/2024\/10\/about-logo-2.png\" alt=\"\" \/><\/figure><\/div><div class=\"swiper-slide\" role=\"group\" aria-roledescription=\"slide\" aria-label=\"4 sur 4\"><figure class=\"swiper-slide-inner\"><img decoding=\"async\" class=\"swiper-slide-image\" src=\"https:\/\/webentrepreneur.com\/stage\/wp-content\/uploads\/2024\/10\/about-logo-1.png\" alt=\"\" \/><\/figure><\/div>\t\t\t<\/div>\n\t\t\t\t\t\t\t\n\t\t\t\t\t\t\t\t\t<\/div>\n\t\t\t\t<\/div>\n\t\t\t\t<\/div>\n\t\t\t\t\t<\/div>\n\t\t\t\t<\/div>\n\t\t<div class=\"elementor-element elementor-element-5105e8a elementor-hidden-desktop elementor-hidden-tablet elementor-hidden-mobile e-flex e-con-boxed e-con e-parent\" data-id=\"5105e8a\" data-element_type=\"container\">\n\t\t\t\t\t<div class=\"e-con-inner\">\n\t\t\t\t<div class=\"elementor-element elementor-element-1cfc9a2 elementor-widget__width-initial banner-form eael-contact-form-7-button-align-left eael-contact-form-7-button-custom elementor-widget elementor-widget-eael-contact-form-7\" data-id=\"1cfc9a2\" data-element_type=\"widget\" data-widget_type=\"eael-contact-form-7.default\">\n\t\t\t\t<div class=\"elementor-widget-container\">\n\t\t\t<div class=\"eael-contact-form-7-wrapper\">\n                <div class=\"eael-contact-form eael-contact-form-7 eael-contact-form-1cfc9a2 placeholder-show eael-contact-form-align-center\">\n<div class=\"wpcf7 no-js\" id=\"wpcf7-f362-o2\" lang=\"en-US\" dir=\"ltr\">\n<div class=\"screen-reader-response\"><p role=\"status\" aria-live=\"polite\" aria-atomic=\"true\"><\/p> <ul><\/ul><\/div>\n<form action=\"\/stage\/wp-json\/wp\/v2\/pages\/480#wpcf7-f362-o2\" method=\"post\" class=\"wpcf7-form init\" aria-label=\"Contact form\" novalidate=\"novalidate\" data-status=\"init\">\n<div style=\"display: none;\">\n<input type=\"hidden\" name=\"_wpcf7\" value=\"362\" \/>\n<input type=\"hidden\" name=\"_wpcf7_version\" value=\"5.9.8\" \/>\n<input type=\"hidden\" name=\"_wpcf7_locale\" value=\"en_US\" \/>\n<input type=\"hidden\" name=\"_wpcf7_unit_tag\" value=\"wpcf7-f362-o2\" \/>\n<input type=\"hidden\" name=\"_wpcf7_container_post\" value=\"0\" \/>\n<input type=\"hidden\" name=\"_wpcf7_posted_data_hash\" value=\"\" \/>\n<\/div>\n<div class=\"banner-signup\">\n\t<p><span class=\"wpcf7-form-control-wrap\" data-name=\"your-email\"><input size=\"40\" maxlength=\"400\" class=\"wpcf7-form-control wpcf7-email wpcf7-validates-as-required wpcf7-text wpcf7-validates-as-email\" autocomplete=\"email\" aria-required=\"true\" aria-invalid=\"false\" placeholder=\"adresse email\" value=\"\" type=\"email\" name=\"your-email\" \/><\/span>\n\t<\/p>\n\t<p><input class=\"wpcf7-form-control wpcf7-submit has-spinner\" type=\"submit\" value=\"Je m\u2019abonne\" \/>\n\t<\/p>\n<\/div><div class=\"wpcf7-response-output\" aria-hidden=\"true\"><\/div>\n<\/form>\n<\/div>\n<\/div>\n            <\/div>\t\t<\/div>\n\t\t\t\t<\/div>\n\t\t\t\t\t<\/div>\n\t\t\t\t<\/div>\n\t\t\t\t<\/div>\n\t\t","protected":false},"excerpt":{"rendered":"<p>D\u00e9marrez et optimisez votre projet web : recevez nos meilleurs conseils directement dans votre bo\u00eete courriel Rejoignez d\u00e8s aujourd\u2019hui notre communaut\u00e9 d\u2019entrepreneurs web D\u00e9couvrez les outils, strat\u00e9gies et tendances essentiels pour r\u00e9ussir dans l&rsquo;univers comp\u00e9titif du web. Que vous soyez en train de lancer votre premier projet ou que vous cherchiez \u00e0 optimiser une entreprise &hellip; <\/p>\n<p class=\"link-more\"><a href=\"https:\/\/webentrepreneur.com\/stage\/newsletter\/\" class=\"more-link\">Continuer la lecture<span class=\"screen-reader-text\"> de &laquo;&nbsp;Newsletter&nbsp;&raquo;<\/span><\/a><\/p>\n","protected":false},"author":1,"featured_media":0,"parent":0,"menu_order":0,"comment_status":"closed","ping_status":"closed","template":"elementor_canvas","meta":{"_acf_changed":false,"footnotes":""},"class_list":["post-480","page","type-page","status-publish","hentry"],"acf":[],"_links":{"self":[{"href":"https:\/\/webentrepreneur.com\/stage\/wp-json\/wp\/v2\/pages\/480","targetHints":{"allow":["GET"]}}],"collection":[{"href":"https:\/\/webentrepreneur.com\/stage\/wp-json\/wp\/v2\/pages"}],"about":[{"href":"https:\/\/webentrepreneur.com\/stage\/wp-json\/wp\/v2\/types\/page"}],"author":[{"embeddable":true,"href":"https:\/\/webentrepreneur.com\/stage\/wp-json\/wp\/v2\/users\/1"}],"replies":[{"embeddable":true,"href":"https:\/\/webentrepreneur.com\/stage\/wp-json\/wp\/v2\/comments?post=480"}],"version-history":[{"count":121,"href":"https:\/\/webentrepreneur.com\/stage\/wp-json\/wp\/v2\/pages\/480\/revisions"}],"predecessor-version":[{"id":2588,"href":"https:\/\/webentrepreneur.com\/stage\/wp-json\/wp\/v2\/pages\/480\/revisions\/2588"}],"wp:attachment":[{"href":"https:\/\/webentrepreneur.com\/stage\/wp-json\/wp\/v2\/media?parent=480"}],"curies":[{"name":"wp","href":"https:\/\/api.w.org\/{rel}","templated":true}]}}